{"id":24,"date":"2013-05-11T06:21:02","date_gmt":"2013-05-11T06:21:02","guid":{"rendered":"http:\/\/derechoromano.umh.es\/directorio\/fermin-camacho-de-los-rios\/"},"modified":"2024-12-08T10:41:44","modified_gmt":"2024-12-08T09:41:44","slug":"fermin-camacho-de-los-rios","status":"publish","type":"page","link":"https:\/\/derechoromano.umh.es\/en\/directorio\/fermin-camacho-de-los-rios\/","title":{"rendered":"<span lang=\"es\">(Espa\u00f1ol) Ferm\u00edn Camacho de los R\u00edos<\/span>"},"content":{"rendered":"<p><strong>Prof. Dr. Ferm\u00edn Camacho de los R\u00edos<\/strong><\/p>\n<p>Professor<\/p>\n<p>Degree: Bachelor of Laws. University of Granada. Bachelor&#8217;s Revalidation Examination, Grade: Outstanding.<\/p>\n<p>Doctorate: Doctor of Law.<br \/>\nDoctorate courses in the Department of Roman Law at the University of Malaga. Grade: Outstanding Honor.<br \/>\nDoctor of Law from the University of Malaga. Grade: Apt cum laude.<br \/>\nDoctor Magistrale in Law from the University of Bologna (Italy). Grade: Lode.<\/p>\n<p>Relevant publications:<\/p>\n<div id=\"_mcePaste\">\n<ul>\n<li>Camacho de los Rios, F : Supuestos de Quasi Possessio Instituto de Historia del Derecho de la Universidad de Granada. Edici\u00f3n reeditada en el a\u00f1o 2002.<\/li>\n<\/ul>\n<\/div>\n<div id=\"_mcePaste\">\n<ul>\n<li>Camacho de los Rios, F : La Infamia en el Derecho Romano. Instituto de Cultura Juan Gil- Albert. Alicante.<\/li>\n<\/ul>\n<\/div>\n<div id=\"_mcePaste\">\n<ul>\n<li>Camacho de los Rios, F : Pignus N\u00f3minis. Libro Homenaje al profesor Benito Reimundo. Universidad de Burgos.<\/li>\n<\/ul>\n<\/div>\n<div id=\"_mcePaste\">\n<ul>\n<li>Camacho de los Rios, F : Compensatio lucri cum damno. Libro Homenaje al profesor Calonge Matellanes. Universidad de Salamanca.<\/li>\n<\/ul>\n<\/div>\n<div id=\"_mcePaste\">\n<ul>\n<li>Camacho de los Rios, F y Polo Arevalo, E.M : Una aproximaci\u00f3n al Derecho Romano en Introducci\u00f3n al Derecho. Universidad Miguel Hern\u00e1ndez.<\/li>\n<\/ul>\n<\/div>\n<div id=\"_mcePaste\">\n<ul>\n<li>Camacho de los Rios, F : Ocupatio Apis. Anales de la Facultad de Derecho de Alicante.<\/li>\n<\/ul>\n<\/div>\n<div id=\"_mcePaste\">\n<ul>\n<li>Camacho de los Rios, F : Requisitos del noun usus. Anales de la Facultad de Derecho de Alicante.<\/li>\n<\/ul>\n<\/div>\n<div id=\"_mcePaste\">\n<ul>\n<li>Camacho de los Rios, F : Precisiones en terminolog\u00eda posesoria : usus iuris, quasi possessio iuris. Revista de la Facultad de Derecho de la Universidad de Alicante.<\/li>\n<\/ul>\n<\/div>\n<div id=\"_mcePaste\">\n<ul>\n<li>Camacho de los Rios, F : La violencia como vicio de voluntad contractual. Aproximaci\u00f3n a un proceso de recepci\u00f3n. Revista de la Sociedad Iberoamericana de Derecho Romano.<\/li>\n<\/ul>\n<\/div>\n<div id=\"_mcePaste\">\n<ul>\n<li>Camacho de los Rios, F : Innovaciones legislativas en las novelas justinianeas: la apelaci\u00f3n y la lentitud de los procesos. Revista de la Facultad de Derecho de Alicante.<\/li>\n<\/ul>\n<\/div>\n<div id=\"_mcePaste\">\n<ul>\n<li>Camacho de los Rios, F : El favor debitoris. Aproximaci\u00f3n a un proceso de recepci\u00f3n. Revista de la Sociedad Iberoamericana de Derecho Romano.<\/li>\n<\/ul>\n<\/div>\n<div id=\"_mcePaste\">\n<ul>\n<li>Camacho de los Rios, F : Cautio Usufructuaria: irrenunciabilidad y dispensa. Aproximaci\u00f3n a un proceso de Recepci\u00f3n. Revista de la Sociedad Iberoamericana de Derecho Romano.<\/li>\n<\/ul>\n<\/div>\n<div id=\"_mcePaste\">\n<ul>\n<li>Camacho de los Rios, F : Desheredatio. Aproximaci\u00f3n a un proceso de recepci\u00f3n. Revista de la Sociedad Iberoamericana de Derecho Romano.<\/li>\n<\/ul>\n<\/div>\n<div id=\"_mcePaste\">\n<ul>\n<li>Camacho de los Rios, F : Iusiurandum calumniae. Aproximaci\u00f3n a un proceso de recepci\u00f3n. Revista de la Sociedad Iberoamericana de Derecho Romano.<\/li>\n<\/ul>\n<\/div>\n<div id=\"_mcePaste\">\n<ul>\n<li>Camacho de los Rios, F : Limites en la reparaci\u00f3n del da\u00f1o. Aproximaci\u00f3n a un proceso de recepci\u00f3n. Revista de la Sociedad Iberoamericana de Derecho Romano.<\/li>\n<\/ul>\n<\/div>\n<div id=\"_mcePaste\">\n<ul>\n<li>Recensi\u00f3n Cr\u00edtica: El esp\u00edritu de Derecho Romano. J. Iglesias, en cuadernos informativos de D. Histo. P\u00fablica y Procesal .<\/li>\n<\/ul>\n<\/div>\n<div id=\"_mcePaste\">\n<ul>\n<li>Recensi\u00f3n Cr\u00edtica: Historia del Derecho Romano.Miguel, en cuadernos informativos de D. Histo. P\u00fablica y Procesal .<\/li>\n<\/ul>\n<\/div>\n<div id=\"_mcePaste\">\n<ul>\n<li>Recensi\u00f3n Cr\u00edtica: Rex remia de calumniatoribus. Cami\u00f1as, en cuadernos informativos de D. Histo. P\u00fablica y Procesal .<\/li>\n<\/ul>\n<\/div>\n<div id=\"_mcePaste\">\n<ul>\n<li>Recensi\u00f3n Cr\u00edtica: La gens gentilicia. Marrone y AA.VV italianos , en cuadernos informativos de D. Histo. P\u00fablica y Procesa .<\/li>\n<\/ul>\n<\/div>\n<div id=\"_mcePaste\">\n<ul>\n<li>Recensi\u00f3n Cr\u00edtica: La episcopalis audentia. Cuena , en cuadernos informativos de D. Histo. P\u00fablica y Procesal<\/li>\n<\/ul>\n<\/div>\n<div id=\"_mcePaste\">\n<ul>\n<li>Prologo de libro: Conceptus nondum natus en el Derecho Romano: R\u00e9gimen sucesorio. Polo Arevalo, E.M( 2002). Derecho. Iberlibro.com<\/li>\n<\/ul>\n<\/div>\n<div id=\"_mcePaste\">\n<ul>\n<li>Pr\u00f3logo de libro: De Estocolmo a Johannesburgo; 30 a\u00f1os de viaje: Las conferencias mundiales sobre medio ambiente. Belmonte Mart\u00edn, de Rojas Martinez Parets y Fluvi\u00e1 Peir\u00f3 (2003). Universidad Miguel Hern\u00e1ndez.<\/li>\n<\/ul>\n<\/div>\n<p style=\"text-align: justify\"><a href=\"http:\/\/dialnet.unirioja.es\/servlet\/autor?codigo=87510\" target=\"_blank\" rel=\"noopener\"><strong>Perfil Dialnet FCRIOS<\/strong><\/a><\/p>\n<p><\/p>","protected":false},"excerpt":{"rendered":"<p>Prof. Dr. Ferm\u00edn Camacho de los R\u00edos<br \/>\nProfessor<br \/>\nDegree: Bachelor of Laws. University of Granada. Bachelor&#8217;s Revalidation Examination, Grade: Outstanding.<br \/>\nDoctorate: Doctor of Law.<br \/>\nDoctorate courses in the Department of Roman Law at the University of Malaga. Grade: Outstanding Honor.<br \/>\nDoctor of Law from the University of Malaga. Grade: Apt cum laude.<br \/>\nDoctor Magistrale in Law from the University of Bologna [&#8230;]<\/p>\n","protected":false},"author":2794,"featured_media":0,"parent":9,"menu_order":0,"comment_status":"closed","ping_status":"open","template":"","meta":{"_links_to":"","_links_to_target":""},"_links":{"self":[{"href":"https:\/\/derechoromano.umh.es\/en\/wp-json\/wp\/v2\/pages\/24"}],"collection":[{"href":"https:\/\/derechoromano.umh.es\/en\/wp-json\/wp\/v2\/pages"}],"about":[{"href":"https:\/\/derechoromano.umh.es\/en\/wp-json\/wp\/v2\/types\/page"}],"author":[{"embeddable":true,"href":"https:\/\/derechoromano.umh.es\/en\/wp-json\/wp\/v2\/users\/2794"}],"replies":[{"embeddable":true,"href":"https:\/\/derechoromano.umh.es\/en\/wp-json\/wp\/v2\/comments?post=24"}],"version-history":[{"count":0,"href":"https:\/\/derechoromano.umh.es\/en\/wp-json\/wp\/v2\/pages\/24\/revisions"}],"up":[{"embeddable":true,"href":"https:\/\/derechoromano.umh.es\/en\/wp-json\/wp\/v2\/pages\/9"}],"wp:attachment":[{"href":"https:\/\/derechoromano.umh.es\/en\/wp-json\/wp\/v2\/media?parent=24"}],"curies":[{"name":"wp","href":"https:\/\/api.w.org\/{rel}","templated":true}]}}