{"id":14,"date":"2013-04-29T08:44:43","date_gmt":"2013-04-29T06:44:43","guid":{"rendered":"http:\/\/derechoromano.umh.es\/actividades\/"},"modified":"2025-08-01T14:01:42","modified_gmt":"2025-08-01T12:01:42","slug":"actividades","status":"publish","type":"page","link":"https:\/\/derechoromano.umh.es\/ca\/actividades\/","title":{"rendered":"<span lang=\"es\">(Espa\u00f1ol) Actividades<\/span>"},"content":{"rendered":"<p>L&#8217;\u00e0rea de Dret Rom\u00e0 de la UMH desenrotlla un ampli programa d&#8217;activitats durant tot el curs acad\u00e8mic. entre les accions realitzades destaquen les seg\u00fcents:<\/p>\n<ul>\n<li><span style=\"font-weight: bold\"><a href=\"https:\/\/derechoromano.umh.es\/actividades\/congresos\/\">Congressos<\/a><\/span><\/li>\n<\/ul>\n<ul>\n<li><strong><a href=\"https:\/\/derechoromano.umh.es\/actividades\/seminarios-jornadas\/\">Seminaris-Jornades<\/a><\/strong><\/li>\n<\/ul>\n<ul>\n<li><strong><a href=\"https:\/\/derechoromano.umh.es\/actividades\/charlas-conferencias\/\">Confer\u00e8ncies<\/a><\/strong><\/li>\n<\/ul>\n<p><\/p>","protected":false},"excerpt":{"rendered":"<p>L&#8217;\u00e0rea de Dret Rom\u00e0 de la UMH desenrotlla un ampli programa d&#8217;activitats durant tot el curs acad\u00e8mic. entre les accions realitzades destaquen les seg\u00fcents:<\/p>\n<p>Congressos<\/p>\n<p>Seminaris-Jornades<\/p>\n<p>Confer\u00e8ncies<\/p>\n","protected":false},"author":2793,"featured_media":0,"parent":0,"menu_order":40,"comment_status":"closed","ping_status":"closed","template":"","meta":{"_links_to":"","_links_to_target":""},"_links":{"self":[{"href":"https:\/\/derechoromano.umh.es\/ca\/wp-json\/wp\/v2\/pages\/14"}],"collection":[{"href":"https:\/\/derechoromano.umh.es\/ca\/wp-json\/wp\/v2\/pages"}],"about":[{"href":"https:\/\/derechoromano.umh.es\/ca\/wp-json\/wp\/v2\/types\/page"}],"author":[{"embeddable":true,"href":"https:\/\/derechoromano.umh.es\/ca\/wp-json\/wp\/v2\/users\/2793"}],"replies":[{"embeddable":true,"href":"https:\/\/derechoromano.umh.es\/ca\/wp-json\/wp\/v2\/comments?post=14"}],"version-history":[{"count":0,"href":"https:\/\/derechoromano.umh.es\/ca\/wp-json\/wp\/v2\/pages\/14\/revisions"}],"wp:attachment":[{"href":"https:\/\/derechoromano.umh.es\/ca\/wp-json\/wp\/v2\/media?parent=14"}],"curies":[{"name":"wp","href":"https:\/\/api.w.org\/{rel}","templated":true}]}}